{"id":38,"date":"2026-01-25T22:21:18","date_gmt":"2026-01-25T22:21:18","guid":{"rendered":"https:\/\/faaralp.fr\/?page_id=38"},"modified":"2026-01-25T22:36:46","modified_gmt":"2026-01-25T22:36:46","slug":"nos-bulletins","status":"publish","type":"page","link":"https:\/\/faaralp.fr\/index.php\/nos-bulletins\/","title":{"rendered":"Nos Bulletins"},"content":{"rendered":"\n<ul class=\"wp-block-list\"><\/ul>\n\n\n\n<p>Retrouvez ici l\u2019ensemble des bulletins publi\u00e9s par la FAARALP. Chaque num\u00e9ro pr\u00e9sente nos actions, nos projets, nos actualit\u00e9s et les initiatives men\u00e9es dans la r\u00e9gion Auvergne\u2013Rh\u00f4ne-Alpes.<\/p>\n\n\n\n<div class=\"faaralp-bulletins-grid\"> <!-- Bulletin n\u00b07 --> <article class=\"bulletin-card\"> <h3>Bulletin n\u00b07<\/h3> <p class=\"bulletin-meta\"><strong>Ann\u00e9e :<\/strong> 2025<\/p> <p class=\"bulletin-resume\"> Actualit\u00e9s r\u00e9centes, projets en cours et actions men\u00e9es dans la r\u00e9gion. <\/p> <a class=\"bulletin-button\" href=\"http:\/\/faaralp.fr\/wp-content\/uploads\/2026\/01\/Bulletin-n%C2%B0-7.pdf\" target=\"_blank\" rel=\"noopener\"> T\u00e9l\u00e9charger le bulletin n\u00b07 (PDF) <\/a> <\/article> <!-- Bulletin n\u00b06 --> <article class=\"bulletin-card\"> <h3>Bulletin n\u00b06<\/h3> <p class=\"bulletin-meta\"><strong>Ann\u00e9e :<\/strong> 2025<\/p> <p class=\"bulletin-resume\"> Bulletin d\u2019information \u2013 Zenith Academy, mai 2025. <\/p> <a class=\"bulletin-button\" href=\"http:\/\/faaralp.fr\/wp-content\/uploads\/2026\/01\/Bulletin-dinformation-mai-2025-Zenith-academy-1.pdf\" target=\"_blank\" rel=\"noopener\"> T\u00e9l\u00e9charger le bulletin n\u00b06 (PDF) <\/a> <\/article> <!-- Bulletin n\u00b05 --> <article class=\"bulletin-card\"> <h3>Bulletin n\u00b05<\/h3> <p class=\"bulletin-meta\"><strong>Ann\u00e9e :<\/strong> 2024<\/p> <p class=\"bulletin-resume\"> Retour sur les actions de l\u2019ann\u00e9e, \u00e9v\u00e9nements marquants et projets de la FAARALP. <\/p> <a class=\"bulletin-button\" href=\"http:\/\/faaralp.fr\/wp-content\/uploads\/2026\/01\/Le-Bulletin-FAARALP-n%C2%B0-5-.pdf\" target=\"_blank\" rel=\"noopener\"> T\u00e9l\u00e9charger le bulletin n\u00b05 (PDF) <\/a> <\/article> <!-- Bulletin n\u00b04 --> <article class=\"bulletin-card\"> <h3>Bulletin n\u00b04<\/h3> <p class=\"bulletin-meta\"><strong>Ann\u00e9e :<\/strong> 2024<\/p> <p class=\"bulletin-resume\"> Informations g\u00e9n\u00e9rales, vie de l\u2019association et activit\u00e9s r\u00e9gionales. <\/p> <a class=\"bulletin-button\" href=\"http:\/\/faaralp.fr\/wp-content\/uploads\/2026\/01\/Bulletin-N%C2%B0-4.pdf\" target=\"_blank\" rel=\"noopener\"> T\u00e9l\u00e9charger le bulletin n\u00b04 (PDF) <\/a> <\/article> <!-- Bulletin n\u00b03 --> <article class=\"bulletin-card\"> <h3>Bulletin n\u00b03<\/h3> <p class=\"bulletin-meta\"><strong>Ann\u00e9e :<\/strong> 2023<\/p> <p class=\"bulletin-resume\"> Projets, actions et temps forts de la FAARALP. <\/p> <a class=\"bulletin-button\" href=\"http:\/\/faaralp.fr\/wp-content\/uploads\/2026\/01\/Bulletin-N%C2%B0-3-.pdf\" target=\"_blank\" rel=\"noopener\"> T\u00e9l\u00e9charger le bulletin n\u00b03 (PDF) <\/a> <\/article> <!-- Bulletin n\u00b02 --> <article class=\"bulletin-card\"> <h3>Bulletin n\u00b02<\/h3> <p class=\"bulletin-meta\"><strong>Ann\u00e9e :<\/strong> 2023<\/p> <p class=\"bulletin-resume\"> Informations et actualit\u00e9s de la FAARALP, focus sur les actions locales. <\/p> <a class=\"bulletin-button\" href=\"http:\/\/faaralp.fr\/wp-content\/uploads\/2026\/01\/Le-Bulletin-FAARALP-n%C2%B0-2-.pdf\" target=\"_blank\" rel=\"noopener\"> T\u00e9l\u00e9charger le bulletin n\u00b02 (PDF) <\/a> <\/article> <!-- Bulletin n\u00b01 --> <article class=\"bulletin-card\"> <h3>Bulletin n\u00b01<\/h3> <p class=\"bulletin-meta\"><strong>Ann\u00e9e :<\/strong> 2022<\/p> <p class=\"bulletin-resume\"> Premier num\u00e9ro du bulletin FAARALP : pr\u00e9sentation de l\u2019association et de ses premi\u00e8res actions. <\/p> <a class=\"bulletin-button\" href=\"http:\/\/faaralp.fr\/wp-content\/uploads\/2026\/01\/Le-Bulletin-FAARALP-N-1-.pdf\" target=\"_blank\" rel=\"noopener\"> T\u00e9l\u00e9charger le bulletin n\u00b01 (PDF) <\/a> <\/article> <\/div> <\/section> <style> .faaralp-bulletins { max-width: 1000px; margin: 0 auto; padding: 2rem 1rem 3rem; font-family: system-ui, -apple-system, BlinkMacSystemFont, \"Segoe UI\", sans-serif; } .faaralp-bulletins-header { text-align: left; margin-bottom: 2rem; } .faaralp-bulletins-header h1 { font-size: 2rem; margin-bottom: 0.5rem; color: #003f7d; } .faaralp-bulletins-header p { margin: 0; color: #444; line-height: 1.5; } .faaralp-bulletins-grid { display: grid; grid-template-columns: repeat(auto-fit, minmax(260px, 1fr)); gap: 1.5rem; } .bulletin-card { border: 1px solid #ddd; padding: 1.4rem 1.3rem; border-radius: 8px; background: #fafafa; box-shadow: 0 2px 4px rgba(0,0,0,0.03); display: flex; flex-direction: column; justify-content: space-between; } .bulletin-card h3 { margin-top: 0; margin-bottom: 0.4rem; font-size: 1.2rem; color: #005baa; } .bulletin-meta { margin: 0 0 0.4rem; font-size: 0.95rem; color: #555; } .bulletin-resume { margin: 0 0 0.9rem; font-size: 0.95rem; color: #333; line-height: 1.5; } .bulletin-button { align-self: flex-start; display: inline-block; margin-top: auto; padding: 0.5rem 0.9rem; background: #005baa; color: #fff; border-radius: 4px; text-decoration: none; font-size: 0.95rem; transition: background 0.2s ease, transform 0.1s ease; } .bulletin-button:hover, .bulletin-button:focus { background: #003f7d; transform: translateY(-1px); } @media (max-width: 600px) { .faaralp-bulletins { padding: 1.5rem 1rem 2.5rem; } .faaralp-bulletins-header h1 { font-size: 1.6rem; } } <\/style>\n","protected":false},"excerpt":{"rendered":"<p>Retrouvez ici l\u2019ensemble des bulletins publi\u00e9s par la FAARALP. Chaque num\u00e9ro pr\u00e9sente nos actions, nos projets, nos actualit\u00e9s et les initiatives men\u00e9es dans la r\u00e9gion Auvergne\u2013Rh\u00f4ne-Alpes. Bulletin n\u00b07 Ann\u00e9e : 2025 Actualit\u00e9s r\u00e9centes, projets en cours et actions men\u00e9es dans la r\u00e9gion. T\u00e9l\u00e9charger le bulletin n\u00b07 (PDF) Bulletin n\u00b06 Ann\u00e9e : 2025 Bulletin d\u2019information \u2013&#8230;<\/p>\n","protected":false},"author":1,"featured_media":0,"parent":0,"menu_order":0,"comment_status":"closed","ping_status":"closed","template":"","meta":{"footnotes":""},"class_list":["post-38","page","type-page","status-publish","hentry"],"yoast_head":"<!-- This site is optimized with the Yoast SEO plugin v27.3 - https:\/\/yoast.com\/product\/yoast-seo-wordpress\/ -->\n<title>Nos Bulletins - Faaralp<\/title>\n<meta name=\"robots\" content=\"index, follow, max-snippet:-1, max-image-preview:large, max-video-preview:-1\" \/>\n<link rel=\"canonical\" href=\"https:\/\/faaralp.fr\/index.php\/nos-bulletins\/\" \/>\n<meta property=\"og:locale\" content=\"en_US\" \/>\n<meta property=\"og:type\" content=\"article\" \/>\n<meta property=\"og:title\" content=\"Nos Bulletins - Faaralp\" \/>\n<meta property=\"og:description\" content=\"Retrouvez ici l\u2019ensemble des bulletins publi\u00e9s par la FAARALP. Chaque num\u00e9ro pr\u00e9sente nos actions, nos projets, nos actualit\u00e9s et les initiatives men\u00e9es dans la r\u00e9gion Auvergne\u2013Rh\u00f4ne-Alpes. Bulletin n\u00b07 Ann\u00e9e : 2025 Actualit\u00e9s r\u00e9centes, projets en cours et actions men\u00e9es dans la r\u00e9gion. T\u00e9l\u00e9charger le bulletin n\u00b07 (PDF) Bulletin n\u00b06 Ann\u00e9e : 2025 Bulletin d\u2019information \u2013...\" \/>\n<meta property=\"og:url\" content=\"https:\/\/faaralp.fr\/index.php\/nos-bulletins\/\" \/>\n<meta property=\"og:site_name\" content=\"Faaralp\" \/>\n<meta property=\"article:publisher\" content=\"https:\/\/www.facebook.com\/profile.php?id=61554153127191#\" \/>\n<meta property=\"article:modified_time\" content=\"2026-01-25T22:36:46+00:00\" \/>\n<meta name=\"twitter:card\" content=\"summary_large_image\" \/>\n<meta name=\"twitter:label1\" content=\"Est. reading time\" \/>\n\t<meta name=\"twitter:data1\" content=\"1 minute\" \/>\n<script type=\"application\/ld+json\" class=\"yoast-schema-graph\">{\"@context\":\"https:\\\/\\\/schema.org\",\"@graph\":[{\"@type\":\"WebPage\",\"@id\":\"https:\\\/\\\/faaralp.fr\\\/index.php\\\/nos-bulletins\\\/\",\"url\":\"https:\\\/\\\/faaralp.fr\\\/index.php\\\/nos-bulletins\\\/\",\"name\":\"Nos Bulletins - Faaralp\",\"isPartOf\":{\"@id\":\"http:\\\/\\\/faaralp.fr\\\/#website\"},\"datePublished\":\"2026-01-25T22:21:18+00:00\",\"dateModified\":\"2026-01-25T22:36:46+00:00\",\"breadcrumb\":{\"@id\":\"https:\\\/\\\/faaralp.fr\\\/index.php\\\/nos-bulletins\\\/#breadcrumb\"},\"inLanguage\":\"en-US\",\"potentialAction\":[{\"@type\":\"ReadAction\",\"target\":[\"https:\\\/\\\/faaralp.fr\\\/index.php\\\/nos-bulletins\\\/\"]}]},{\"@type\":\"BreadcrumbList\",\"@id\":\"https:\\\/\\\/faaralp.fr\\\/index.php\\\/nos-bulletins\\\/#breadcrumb\",\"itemListElement\":[{\"@type\":\"ListItem\",\"position\":1,\"name\":\"Home\",\"item\":\"http:\\\/\\\/faaralp.fr\\\/\"},{\"@type\":\"ListItem\",\"position\":2,\"name\":\"Nos Bulletins\"}]},{\"@type\":\"WebSite\",\"@id\":\"http:\\\/\\\/faaralp.fr\\\/#website\",\"url\":\"http:\\\/\\\/faaralp.fr\\\/\",\"name\":\"Faaralp\",\"description\":\"La F\u00e9d\u00e9ration Arm\u00e9nienne Auvergne Rh\u00f4ne-Alpes (FAARALP)\",\"publisher\":{\"@id\":\"http:\\\/\\\/faaralp.fr\\\/#organization\"},\"potentialAction\":[{\"@type\":\"SearchAction\",\"target\":{\"@type\":\"EntryPoint\",\"urlTemplate\":\"http:\\\/\\\/faaralp.fr\\\/?s={search_term_string}\"},\"query-input\":{\"@type\":\"PropertyValueSpecification\",\"valueRequired\":true,\"valueName\":\"search_term_string\"}}],\"inLanguage\":\"en-US\"},{\"@type\":\"Organization\",\"@id\":\"http:\\\/\\\/faaralp.fr\\\/#organization\",\"name\":\"Faaralp\",\"url\":\"http:\\\/\\\/faaralp.fr\\\/\",\"logo\":{\"@type\":\"ImageObject\",\"inLanguage\":\"en-US\",\"@id\":\"http:\\\/\\\/faaralp.fr\\\/#\\\/schema\\\/logo\\\/image\\\/\",\"url\":\"https:\\\/\\\/faaralp.fr\\\/wp-content\\\/uploads\\\/2026\\\/01\\\/logo.jpg\",\"contentUrl\":\"https:\\\/\\\/faaralp.fr\\\/wp-content\\\/uploads\\\/2026\\\/01\\\/logo.jpg\",\"width\":125,\"height\":102,\"caption\":\"Faaralp\"},\"image\":{\"@id\":\"http:\\\/\\\/faaralp.fr\\\/#\\\/schema\\\/logo\\\/image\\\/\"},\"sameAs\":[\"https:\\\/\\\/www.facebook.com\\\/profile.php?id=61554153127191#\"]}]}<\/script>\n<!-- \/ Yoast SEO plugin. -->","yoast_head_json":{"title":"Nos Bulletins - Faaralp","robots":{"index":"index","follow":"follow","max-snippet":"max-snippet:-1","max-image-preview":"max-image-preview:large","max-video-preview":"max-video-preview:-1"},"canonical":"https:\/\/faaralp.fr\/index.php\/nos-bulletins\/","og_locale":"en_US","og_type":"article","og_title":"Nos Bulletins - Faaralp","og_description":"Retrouvez ici l\u2019ensemble des bulletins publi\u00e9s par la FAARALP. Chaque num\u00e9ro pr\u00e9sente nos actions, nos projets, nos actualit\u00e9s et les initiatives men\u00e9es dans la r\u00e9gion Auvergne\u2013Rh\u00f4ne-Alpes. Bulletin n\u00b07 Ann\u00e9e : 2025 Actualit\u00e9s r\u00e9centes, projets en cours et actions men\u00e9es dans la r\u00e9gion. T\u00e9l\u00e9charger le bulletin n\u00b07 (PDF) Bulletin n\u00b06 Ann\u00e9e : 2025 Bulletin d\u2019information \u2013...","og_url":"https:\/\/faaralp.fr\/index.php\/nos-bulletins\/","og_site_name":"Faaralp","article_publisher":"https:\/\/www.facebook.com\/profile.php?id=61554153127191#","article_modified_time":"2026-01-25T22:36:46+00:00","twitter_card":"summary_large_image","twitter_misc":{"Est. reading time":"1 minute"},"schema":{"@context":"https:\/\/schema.org","@graph":[{"@type":"WebPage","@id":"https:\/\/faaralp.fr\/index.php\/nos-bulletins\/","url":"https:\/\/faaralp.fr\/index.php\/nos-bulletins\/","name":"Nos Bulletins - Faaralp","isPartOf":{"@id":"http:\/\/faaralp.fr\/#website"},"datePublished":"2026-01-25T22:21:18+00:00","dateModified":"2026-01-25T22:36:46+00:00","breadcrumb":{"@id":"https:\/\/faaralp.fr\/index.php\/nos-bulletins\/#breadcrumb"},"inLanguage":"en-US","potentialAction":[{"@type":"ReadAction","target":["https:\/\/faaralp.fr\/index.php\/nos-bulletins\/"]}]},{"@type":"BreadcrumbList","@id":"https:\/\/faaralp.fr\/index.php\/nos-bulletins\/#breadcrumb","itemListElement":[{"@type":"ListItem","position":1,"name":"Home","item":"http:\/\/faaralp.fr\/"},{"@type":"ListItem","position":2,"name":"Nos Bulletins"}]},{"@type":"WebSite","@id":"http:\/\/faaralp.fr\/#website","url":"http:\/\/faaralp.fr\/","name":"Faaralp","description":"La F\u00e9d\u00e9ration Arm\u00e9nienne Auvergne Rh\u00f4ne-Alpes (FAARALP)","publisher":{"@id":"http:\/\/faaralp.fr\/#organization"},"potentialAction":[{"@type":"SearchAction","target":{"@type":"EntryPoint","urlTemplate":"http:\/\/faaralp.fr\/?s={search_term_string}"},"query-input":{"@type":"PropertyValueSpecification","valueRequired":true,"valueName":"search_term_string"}}],"inLanguage":"en-US"},{"@type":"Organization","@id":"http:\/\/faaralp.fr\/#organization","name":"Faaralp","url":"http:\/\/faaralp.fr\/","logo":{"@type":"ImageObject","inLanguage":"en-US","@id":"http:\/\/faaralp.fr\/#\/schema\/logo\/image\/","url":"https:\/\/faaralp.fr\/wp-content\/uploads\/2026\/01\/logo.jpg","contentUrl":"https:\/\/faaralp.fr\/wp-content\/uploads\/2026\/01\/logo.jpg","width":125,"height":102,"caption":"Faaralp"},"image":{"@id":"http:\/\/faaralp.fr\/#\/schema\/logo\/image\/"},"sameAs":["https:\/\/www.facebook.com\/profile.php?id=61554153127191#"]}]}},"_links":{"self":[{"href":"https:\/\/faaralp.fr\/index.php\/wp-json\/wp\/v2\/pages\/38","targetHints":{"allow":["GET"]}}],"collection":[{"href":"https:\/\/faaralp.fr\/index.php\/wp-json\/wp\/v2\/pages"}],"about":[{"href":"https:\/\/faaralp.fr\/index.php\/wp-json\/wp\/v2\/types\/page"}],"author":[{"embeddable":true,"href":"https:\/\/faaralp.fr\/index.php\/wp-json\/wp\/v2\/users\/1"}],"replies":[{"embeddable":true,"href":"https:\/\/faaralp.fr\/index.php\/wp-json\/wp\/v2\/comments?post=38"}],"version-history":[{"count":5,"href":"https:\/\/faaralp.fr\/index.php\/wp-json\/wp\/v2\/pages\/38\/revisions"}],"predecessor-version":[{"id":53,"href":"https:\/\/faaralp.fr\/index.php\/wp-json\/wp\/v2\/pages\/38\/revisions\/53"}],"wp:attachment":[{"href":"https:\/\/faaralp.fr\/index.php\/wp-json\/wp\/v2\/media?parent=38"}],"curies":[{"name":"wp","href":"https:\/\/api.w.org\/{rel}","templated":true}]}}