{"id":55,"date":"2026-01-25T22:43:30","date_gmt":"2026-01-25T22:43:30","guid":{"rendered":"https:\/\/faaralp.fr\/?page_id=55"},"modified":"2026-02-16T20:51:16","modified_gmt":"2026-02-16T20:51:16","slug":"contactez-nous","status":"publish","type":"page","link":"https:\/\/faaralp.fr\/index.php\/contactez-nous\/","title":{"rendered":"Contactez nous"},"content":{"rendered":"\n<p><\/p>\n\n\n\n<p>15 cours de la Lib\u00e9ration et du G\u00e9n\u00e9ral de Gaulle<br>38100 GRENOBLE<br>T\u00e9l.: 06 85 43 34 67<\/p>\n\n\n\n<div class=\"wpcf7 no-js\" id=\"wpcf7-f54-o1\" lang=\"en-US\" dir=\"ltr\" data-wpcf7-id=\"54\">\n<div class=\"screen-reader-response\"><p role=\"status\" aria-live=\"polite\" aria-atomic=\"true\"><\/p> <ul><\/ul><\/div>\n<form action=\"\/index.php\/wp-json\/wp\/v2\/pages\/55#wpcf7-f54-o1\" method=\"post\" class=\"wpcf7-form init\" aria-label=\"Contact form\" novalidate=\"novalidate\" data-status=\"init\">\n<fieldset class=\"hidden-fields-container\"><input type=\"hidden\" name=\"_wpcf7\" value=\"54\" \/><input type=\"hidden\" name=\"_wpcf7_version\" value=\"6.1.5\" \/><input type=\"hidden\" name=\"_wpcf7_locale\" value=\"en_US\" \/><input type=\"hidden\" name=\"_wpcf7_unit_tag\" value=\"wpcf7-f54-o1\" \/><input type=\"hidden\" name=\"_wpcf7_container_post\" value=\"0\" \/><input type=\"hidden\" name=\"_wpcf7_posted_data_hash\" value=\"\" \/>\n<\/fieldset>\n<p><label> Votre nom *<br \/>\n<span class=\"wpcf7-form-control-wrap\" data-name=\"your-name\"><input size=\"40\" maxlength=\"400\" class=\"wpcf7-form-control wpcf7-text wpcf7-validates-as-required\" aria-required=\"true\" aria-invalid=\"false\" placeholder=\"Votre nom\" value=\"\" type=\"text\" name=\"your-name\" \/><\/span><br \/>\n<\/label>\n<\/p>\n<p><label> Votre email *<br \/>\n<span class=\"wpcf7-form-control-wrap\" data-name=\"your-email\"><input size=\"40\" maxlength=\"400\" class=\"wpcf7-form-control wpcf7-email wpcf7-validates-as-required wpcf7-text wpcf7-validates-as-email\" aria-required=\"true\" aria-invalid=\"false\" placeholder=\"Votre adresse email\" value=\"\" type=\"email\" name=\"your-email\" \/><\/span><br \/>\n<\/label>\n<\/p>\n<p><label> Sujet *<br \/>\n<span class=\"wpcf7-form-control-wrap\" data-name=\"your-subject\"><input size=\"40\" maxlength=\"400\" class=\"wpcf7-form-control wpcf7-text wpcf7-validates-as-required\" aria-required=\"true\" aria-invalid=\"false\" placeholder=\"Sujet de votre message\" value=\"\" type=\"text\" name=\"your-subject\" \/><\/span><br \/>\n<\/label>\n<\/p>\n<p><label> Votre message *<br \/>\n<span class=\"wpcf7-form-control-wrap\" data-name=\"your-message\"><textarea cols=\"40\" rows=\"10\" maxlength=\"2000\" class=\"wpcf7-form-control wpcf7-textarea wpcf7-validates-as-required\" aria-required=\"true\" aria-invalid=\"false\" placeholder=\"Votre message...\" name=\"your-message\"><\/textarea><\/span><br \/>\n<\/label>\n<\/p>\n<p><input class=\"wpcf7-form-control wpcf7-submit has-spinner\" type=\"submit\" value=\"Envoyer\" \/>\n<\/p><div class=\"wpcf7-response-output\" aria-hidden=\"true\"><\/div>\n<\/form>\n<\/div>\n\n","protected":false},"excerpt":{"rendered":"<p>15 cours de la Lib\u00e9ration et du G\u00e9n\u00e9ral de Gaulle38100 GRENOBLET\u00e9l.: 06 85 43 34 67<\/p>\n","protected":false},"author":1,"featured_media":0,"parent":0,"menu_order":0,"comment_status":"closed","ping_status":"closed","template":"","meta":{"footnotes":""},"class_list":["post-55","page","type-page","status-publish","hentry"],"yoast_head":"<!-- This site is optimized with the Yoast SEO plugin v27.3 - https:\/\/yoast.com\/product\/yoast-seo-wordpress\/ -->\n<title>Contactez nous - Faaralp<\/title>\n<meta name=\"robots\" content=\"index, follow, max-snippet:-1, max-image-preview:large, max-video-preview:-1\" \/>\n<link rel=\"canonical\" href=\"https:\/\/faaralp.fr\/index.php\/contactez-nous\/\" \/>\n<meta property=\"og:locale\" content=\"en_US\" \/>\n<meta property=\"og:type\" content=\"article\" \/>\n<meta property=\"og:title\" content=\"Contactez nous - Faaralp\" \/>\n<meta property=\"og:description\" content=\"15 cours de la Lib\u00e9ration et du G\u00e9n\u00e9ral de Gaulle38100 GRENOBLET\u00e9l.: 06 85 43 34 67\" \/>\n<meta property=\"og:url\" content=\"https:\/\/faaralp.fr\/index.php\/contactez-nous\/\" \/>\n<meta property=\"og:site_name\" content=\"Faaralp\" \/>\n<meta property=\"article:publisher\" content=\"https:\/\/www.facebook.com\/profile.php?id=61554153127191#\" \/>\n<meta property=\"article:modified_time\" content=\"2026-02-16T20:51:16+00:00\" \/>\n<meta name=\"twitter:card\" content=\"summary_large_image\" \/>\n<meta name=\"twitter:label1\" content=\"Est. reading time\" \/>\n\t<meta name=\"twitter:data1\" content=\"1 minute\" \/>\n<script type=\"application\/ld+json\" class=\"yoast-schema-graph\">{\"@context\":\"https:\\\/\\\/schema.org\",\"@graph\":[{\"@type\":\"WebPage\",\"@id\":\"https:\\\/\\\/faaralp.fr\\\/index.php\\\/contactez-nous\\\/\",\"url\":\"https:\\\/\\\/faaralp.fr\\\/index.php\\\/contactez-nous\\\/\",\"name\":\"Contactez nous - Faaralp\",\"isPartOf\":{\"@id\":\"http:\\\/\\\/faaralp.fr\\\/#website\"},\"datePublished\":\"2026-01-25T22:43:30+00:00\",\"dateModified\":\"2026-02-16T20:51:16+00:00\",\"breadcrumb\":{\"@id\":\"https:\\\/\\\/faaralp.fr\\\/index.php\\\/contactez-nous\\\/#breadcrumb\"},\"inLanguage\":\"en-US\",\"potentialAction\":[{\"@type\":\"ReadAction\",\"target\":[\"https:\\\/\\\/faaralp.fr\\\/index.php\\\/contactez-nous\\\/\"]}]},{\"@type\":\"BreadcrumbList\",\"@id\":\"https:\\\/\\\/faaralp.fr\\\/index.php\\\/contactez-nous\\\/#breadcrumb\",\"itemListElement\":[{\"@type\":\"ListItem\",\"position\":1,\"name\":\"Home\",\"item\":\"http:\\\/\\\/faaralp.fr\\\/\"},{\"@type\":\"ListItem\",\"position\":2,\"name\":\"Contactez nous\"}]},{\"@type\":\"WebSite\",\"@id\":\"http:\\\/\\\/faaralp.fr\\\/#website\",\"url\":\"http:\\\/\\\/faaralp.fr\\\/\",\"name\":\"Faaralp\",\"description\":\"La F\u00e9d\u00e9ration Arm\u00e9nienne Auvergne Rh\u00f4ne-Alpes (FAARALP)\",\"publisher\":{\"@id\":\"http:\\\/\\\/faaralp.fr\\\/#organization\"},\"potentialAction\":[{\"@type\":\"SearchAction\",\"target\":{\"@type\":\"EntryPoint\",\"urlTemplate\":\"http:\\\/\\\/faaralp.fr\\\/?s={search_term_string}\"},\"query-input\":{\"@type\":\"PropertyValueSpecification\",\"valueRequired\":true,\"valueName\":\"search_term_string\"}}],\"inLanguage\":\"en-US\"},{\"@type\":\"Organization\",\"@id\":\"http:\\\/\\\/faaralp.fr\\\/#organization\",\"name\":\"Faaralp\",\"url\":\"http:\\\/\\\/faaralp.fr\\\/\",\"logo\":{\"@type\":\"ImageObject\",\"inLanguage\":\"en-US\",\"@id\":\"http:\\\/\\\/faaralp.fr\\\/#\\\/schema\\\/logo\\\/image\\\/\",\"url\":\"https:\\\/\\\/faaralp.fr\\\/wp-content\\\/uploads\\\/2026\\\/01\\\/logo.jpg\",\"contentUrl\":\"https:\\\/\\\/faaralp.fr\\\/wp-content\\\/uploads\\\/2026\\\/01\\\/logo.jpg\",\"width\":125,\"height\":102,\"caption\":\"Faaralp\"},\"image\":{\"@id\":\"http:\\\/\\\/faaralp.fr\\\/#\\\/schema\\\/logo\\\/image\\\/\"},\"sameAs\":[\"https:\\\/\\\/www.facebook.com\\\/profile.php?id=61554153127191#\"]}]}<\/script>\n<!-- \/ Yoast SEO plugin. -->","yoast_head_json":{"title":"Contactez nous - Faaralp","robots":{"index":"index","follow":"follow","max-snippet":"max-snippet:-1","max-image-preview":"max-image-preview:large","max-video-preview":"max-video-preview:-1"},"canonical":"https:\/\/faaralp.fr\/index.php\/contactez-nous\/","og_locale":"en_US","og_type":"article","og_title":"Contactez nous - Faaralp","og_description":"15 cours de la Lib\u00e9ration et du G\u00e9n\u00e9ral de Gaulle38100 GRENOBLET\u00e9l.: 06 85 43 34 67","og_url":"https:\/\/faaralp.fr\/index.php\/contactez-nous\/","og_site_name":"Faaralp","article_publisher":"https:\/\/www.facebook.com\/profile.php?id=61554153127191#","article_modified_time":"2026-02-16T20:51:16+00:00","twitter_card":"summary_large_image","twitter_misc":{"Est. reading time":"1 minute"},"schema":{"@context":"https:\/\/schema.org","@graph":[{"@type":"WebPage","@id":"https:\/\/faaralp.fr\/index.php\/contactez-nous\/","url":"https:\/\/faaralp.fr\/index.php\/contactez-nous\/","name":"Contactez nous - Faaralp","isPartOf":{"@id":"http:\/\/faaralp.fr\/#website"},"datePublished":"2026-01-25T22:43:30+00:00","dateModified":"2026-02-16T20:51:16+00:00","breadcrumb":{"@id":"https:\/\/faaralp.fr\/index.php\/contactez-nous\/#breadcrumb"},"inLanguage":"en-US","potentialAction":[{"@type":"ReadAction","target":["https:\/\/faaralp.fr\/index.php\/contactez-nous\/"]}]},{"@type":"BreadcrumbList","@id":"https:\/\/faaralp.fr\/index.php\/contactez-nous\/#breadcrumb","itemListElement":[{"@type":"ListItem","position":1,"name":"Home","item":"http:\/\/faaralp.fr\/"},{"@type":"ListItem","position":2,"name":"Contactez nous"}]},{"@type":"WebSite","@id":"http:\/\/faaralp.fr\/#website","url":"http:\/\/faaralp.fr\/","name":"Faaralp","description":"La F\u00e9d\u00e9ration Arm\u00e9nienne Auvergne Rh\u00f4ne-Alpes (FAARALP)","publisher":{"@id":"http:\/\/faaralp.fr\/#organization"},"potentialAction":[{"@type":"SearchAction","target":{"@type":"EntryPoint","urlTemplate":"http:\/\/faaralp.fr\/?s={search_term_string}"},"query-input":{"@type":"PropertyValueSpecification","valueRequired":true,"valueName":"search_term_string"}}],"inLanguage":"en-US"},{"@type":"Organization","@id":"http:\/\/faaralp.fr\/#organization","name":"Faaralp","url":"http:\/\/faaralp.fr\/","logo":{"@type":"ImageObject","inLanguage":"en-US","@id":"http:\/\/faaralp.fr\/#\/schema\/logo\/image\/","url":"https:\/\/faaralp.fr\/wp-content\/uploads\/2026\/01\/logo.jpg","contentUrl":"https:\/\/faaralp.fr\/wp-content\/uploads\/2026\/01\/logo.jpg","width":125,"height":102,"caption":"Faaralp"},"image":{"@id":"http:\/\/faaralp.fr\/#\/schema\/logo\/image\/"},"sameAs":["https:\/\/www.facebook.com\/profile.php?id=61554153127191#"]}]}},"_links":{"self":[{"href":"https:\/\/faaralp.fr\/index.php\/wp-json\/wp\/v2\/pages\/55","targetHints":{"allow":["GET"]}}],"collection":[{"href":"https:\/\/faaralp.fr\/index.php\/wp-json\/wp\/v2\/pages"}],"about":[{"href":"https:\/\/faaralp.fr\/index.php\/wp-json\/wp\/v2\/types\/page"}],"author":[{"embeddable":true,"href":"https:\/\/faaralp.fr\/index.php\/wp-json\/wp\/v2\/users\/1"}],"replies":[{"embeddable":true,"href":"https:\/\/faaralp.fr\/index.php\/wp-json\/wp\/v2\/comments?post=55"}],"version-history":[{"count":4,"href":"https:\/\/faaralp.fr\/index.php\/wp-json\/wp\/v2\/pages\/55\/revisions"}],"predecessor-version":[{"id":101,"href":"https:\/\/faaralp.fr\/index.php\/wp-json\/wp\/v2\/pages\/55\/revisions\/101"}],"wp:attachment":[{"href":"https:\/\/faaralp.fr\/index.php\/wp-json\/wp\/v2\/media?parent=55"}],"curies":[{"name":"wp","href":"https:\/\/api.w.org\/{rel}","templated":true}]}}